{"id":2294,"date":"2026-02-04T19:40:19","date_gmt":"2026-02-04T19:40:19","guid":{"rendered":"https:\/\/ventibeach.firmaproductie.nl\/menue\/"},"modified":"2026-02-23T15:55:40","modified_gmt":"2026-02-23T15:55:40","slug":"menue","status":"publish","type":"page","link":"https:\/\/ventibeach.firmaproductie.nl\/de\/menue\/","title":{"rendered":"Men\u00fc"},"content":{"rendered":"\t\t<div data-elementor-type=\"wp-page\" data-elementor-id=\"2294\" class=\"elementor elementor-2294 elementor-768\" data-elementor-post-type=\"page\">\n\t\t\t\t<div class=\"elementor-element elementor-element-eea2c80 e-flex e-con-boxed e-con e-parent\" data-id=\"eea2c80\" data-element_type=\"container\" data-e-type=\"container\" data-settings=\"{&quot;background_background&quot;:&quot;classic&quot;}\">\n\t\t\t\t\t<div class=\"e-con-inner\">\n\t\t<div class=\"elementor-element elementor-element-687a55ce e-con-full e-flex e-con e-child\" data-id=\"687a55ce\" data-element_type=\"container\" data-e-type=\"container\" data-settings=\"{&quot;background_background&quot;:&quot;classic&quot;}\">\n\t\t\t\t<div class=\"elementor-element elementor-element-6dd9e90b elementor-widget elementor-widget-heading\" data-id=\"6dd9e90b\" data-element_type=\"widget\" data-e-type=\"widget\" data-widget_type=\"heading.default\">\n\t\t\t\t\t<h1 class=\"elementor-heading-title elementor-size-default\">Men\u00fc<\/h1>\t\t\t\t<\/div>\n\t\t\t\t<\/div>\n\t\t\t\t\t<\/div>\n\t\t\t\t<\/div>\n\t\t<div class=\"elementor-element elementor-element-bb7dae1 elementor-hidden-desktop elementor-hidden-tablet elementor-hidden-mobile e-flex e-con-boxed e-con e-parent\" data-id=\"bb7dae1\" data-element_type=\"container\" data-e-type=\"container\">\n\t\t\t\t\t<div class=\"e-con-inner\">\n\t\t<div class=\"elementor-element elementor-element-91dd4f7 e-con-full e-flex e-con e-child\" data-id=\"91dd4f7\" data-element_type=\"container\" data-e-type=\"container\">\n\t\t\t\t<div class=\"elementor-element elementor-element-488a04c elementor-align-justify btns-bottom elementor-widget elementor-widget-button\" data-id=\"488a04c\" data-element_type=\"widget\" data-e-type=\"widget\" data-widget_type=\"button.default\">\n\t\t\t\t\t\t\t\t\t\t<a class=\"elementor-button elementor-button-link elementor-size-sm\" href=\"#\">\n\t\t\t\t\t\t<span class=\"elementor-button-content-wrapper\">\n\t\t\t\t\t\t\t\t\t<span class=\"elementor-button-text\">Brunch<\/span>\n\t\t\t\t\t<\/span>\n\t\t\t\t\t<\/a>\n\t\t\t\t\t\t\t\t<\/div>\n\t\t\t\t<div class=\"elementor-element elementor-element-a0b468a elementor-align-justify btns-bottom elementor-widget elementor-widget-button\" data-id=\"a0b468a\" data-element_type=\"widget\" data-e-type=\"widget\" data-widget_type=\"button.default\">\n\t\t\t\t\t\t\t\t\t\t<a class=\"elementor-button elementor-button-link elementor-size-sm\" href=\"#\">\n\t\t\t\t\t\t<span class=\"elementor-button-content-wrapper\">\n\t\t\t\t\t\t\t\t\t<span class=\"elementor-button-text\">DRINKs<\/span>\n\t\t\t\t\t<\/span>\n\t\t\t\t\t<\/a>\n\t\t\t\t\t\t\t\t<\/div>\n\t\t\t\t<\/div>\n\t\t<div class=\"elementor-element elementor-element-d67ed92 e-con-full e-flex e-con e-child\" data-id=\"d67ed92\" data-element_type=\"container\" data-e-type=\"container\">\n\t\t\t\t<div class=\"elementor-element elementor-element-bf8c0d4 elementor-align-justify btns-bottom elementor-widget elementor-widget-button\" data-id=\"bf8c0d4\" data-element_type=\"widget\" data-e-type=\"widget\" data-widget_type=\"button.default\">\n\t\t\t\t\t\t\t\t\t\t<a class=\"elementor-button elementor-button-link elementor-size-sm\" href=\"#\">\n\t\t\t\t\t\t<span class=\"elementor-button-content-wrapper\">\n\t\t\t\t\t\t\t\t\t<span class=\"elementor-button-text\">All Day Menu<\/span>\n\t\t\t\t\t<\/span>\n\t\t\t\t\t<\/a>\n\t\t\t\t\t\t\t\t<\/div>\n\t\t\t\t<div class=\"elementor-element elementor-element-eb62311 elementor-align-justify btns-bottom elementor-widget elementor-widget-button\" data-id=\"eb62311\" data-element_type=\"widget\" data-e-type=\"widget\" data-widget_type=\"button.default\">\n\t\t\t\t\t\t\t\t\t\t<a class=\"elementor-button elementor-button-link elementor-size-sm\" href=\"#\">\n\t\t\t\t\t\t<span class=\"elementor-button-content-wrapper\">\n\t\t\t\t\t\t\t\t\t<span class=\"elementor-button-text\">Cocktails<\/span>\n\t\t\t\t\t<\/span>\n\t\t\t\t\t<\/a>\n\t\t\t\t\t\t\t\t<\/div>\n\t\t\t\t<\/div>\n\t\t<div class=\"elementor-element elementor-element-b11fa1b e-con-full e-flex e-con e-child\" data-id=\"b11fa1b\" data-element_type=\"container\" data-e-type=\"container\">\n\t\t\t\t<div class=\"elementor-element elementor-element-6c35ee0 elementor-align-justify btns-bottom elementor-widget elementor-widget-button\" data-id=\"6c35ee0\" data-element_type=\"widget\" data-e-type=\"widget\" data-widget_type=\"button.default\">\n\t\t\t\t\t\t\t\t\t\t<a class=\"elementor-button elementor-button-link elementor-size-sm\" href=\"#\">\n\t\t\t\t\t\t<span class=\"elementor-button-content-wrapper\">\n\t\t\t\t\t\t\t\t\t<span class=\"elementor-button-text\">Dinner<\/span>\n\t\t\t\t\t<\/span>\n\t\t\t\t\t<\/a>\n\t\t\t\t\t\t\t\t<\/div>\n\t\t\t\t<div class=\"elementor-element elementor-element-b709982 elementor-align-justify btns-bottom elementor-widget elementor-widget-button\" data-id=\"b709982\" data-element_type=\"widget\" data-e-type=\"widget\" data-widget_type=\"button.default\">\n\t\t\t\t\t\t\t\t\t\t<a class=\"elementor-button elementor-button-link elementor-size-sm\" href=\"#\">\n\t\t\t\t\t\t<span class=\"elementor-button-content-wrapper\">\n\t\t\t\t\t\t\t\t\t<span class=\"elementor-button-text\">WEIN<\/span>\n\t\t\t\t\t<\/span>\n\t\t\t\t\t<\/a>\n\t\t\t\t\t\t\t\t<\/div>\n\t\t\t\t<\/div>\n\t\t\t\t\t<\/div>\n\t\t\t\t<\/div>\n\t\t<div class=\"elementor-element elementor-element-2678cbb7 e-flex e-con-boxed e-con e-parent\" data-id=\"2678cbb7\" data-element_type=\"container\" data-e-type=\"container\">\n\t\t\t\t\t<div class=\"e-con-inner\">\n\t\t<div class=\"elementor-element elementor-element-40c2fdb4 e-con-full e-flex e-con e-child\" data-id=\"40c2fdb4\" data-element_type=\"container\" data-e-type=\"container\">\n\t\t\t\t<div class=\"elementor-element elementor-element-7180eb61 elementor-absolute elementor-hidden-mobile elementor-widget elementor-widget-html\" data-id=\"7180eb61\" data-element_type=\"widget\" data-e-type=\"widget\" data-settings=\"{&quot;_position&quot;:&quot;absolute&quot;}\" data-widget_type=\"html.default\">\n\t\t\t\t\t<div class=\"oranje-underline\"><\/div>\t\t\t\t<\/div>\n\t\t\t\t<div class=\"elementor-element elementor-element-3edb320 elementor-widget elementor-widget-image\" data-id=\"3edb320\" data-element_type=\"widget\" data-e-type=\"widget\" data-widget_type=\"image.default\">\n\t\t\t\t\t\t\t\t\t\t\t\t\t\t\t<img fetchpriority=\"high\" decoding=\"async\" width=\"600\" height=\"800\" src=\"https:\/\/ventibeach.firmaproductie.nl\/wp-content\/uploads\/2026\/02\/Venti-Beach-menu-cocktail.webp\" class=\"attachment-large size-large wp-image-2295\" alt=\"glas met cocktail\" srcset=\"https:\/\/ventibeach.firmaproductie.nl\/wp-content\/uploads\/2026\/02\/Venti-Beach-menu-cocktail.webp 600w, https:\/\/ventibeach.firmaproductie.nl\/wp-content\/uploads\/2026\/02\/Venti-Beach-menu-cocktail-225x300.webp 225w\" sizes=\"(max-width: 600px) 100vw, 600px\" \/>\t\t\t\t\t\t\t\t\t\t\t\t\t\t\t<\/div>\n\t\t\t\t<\/div>\n\t\t<div class=\"elementor-element elementor-element-433aff26 e-con-full e-flex e-con e-child\" data-id=\"433aff26\" data-element_type=\"container\" data-e-type=\"container\">\n\t\t\t\t<div class=\"elementor-element elementor-element-21b4d501 elementor-widget__width-initial elementor-widget elementor-widget-text-editor\" data-id=\"21b4d501\" data-element_type=\"widget\" data-e-type=\"widget\" data-widget_type=\"text-editor.default\">\n\t\t\t\t\t\t\t\t\t<p>Unsere Speisekarte ist von mediterranen Aromen, edlen Weinen und wechselnden Specials inspiriert. Shared Dining steht bei Venti im Mittelpunkt. Gemeinsam essen, sich Zeit nehmen und den Moment genie\u00dfen.<\/p><p>Unsere Speisekarte bietet vegetarische, vegane und glutenfreie Optionen. Wir beraten dich gerne und passen Gerichte nach M\u00f6glichkeit an deine W\u00fcnsche an.<\/p><p>Du bist herzlich willkommen zum Fr\u00fchst\u00fcck, Lunch, Dinner oder auf einen Drink in unserem Restaurant am Meer.<\/p>\t\t\t\t\t\t\t\t<\/div>\n\t\t\t\t<\/div>\n\t\t<div class=\"elementor-element elementor-element-339f04b7 e-con-full e-flex e-con e-child\" data-id=\"339f04b7\" data-element_type=\"container\" data-e-type=\"container\">\n\t\t\t\t<div class=\"elementor-element elementor-element-a821693 elementor-absolute elementor-hidden-mobile elementor-widget elementor-widget-html\" data-id=\"a821693\" data-element_type=\"widget\" data-e-type=\"widget\" data-settings=\"{&quot;_position&quot;:&quot;absolute&quot;}\" data-widget_type=\"html.default\">\n\t\t\t\t\t<div class=\"oranje-underline\"><\/div>\t\t\t\t<\/div>\n\t\t\t\t<div class=\"elementor-element elementor-element-40da373 elementor-widget elementor-widget-image\" data-id=\"40da373\" data-element_type=\"widget\" data-e-type=\"widget\" data-widget_type=\"image.default\">\n\t\t\t\t\t\t\t\t\t\t\t\t\t\t\t<img decoding=\"async\" width=\"600\" height=\"800\" src=\"https:\/\/ventibeach.firmaproductie.nl\/wp-content\/uploads\/2026\/02\/Venti-Beach-menu-tafel-gereserveerd.webp\" class=\"attachment-large size-large wp-image-2296\" alt=\"tafel met gereserveerd bordje en bestek\" srcset=\"https:\/\/ventibeach.firmaproductie.nl\/wp-content\/uploads\/2026\/02\/Venti-Beach-menu-tafel-gereserveerd.webp 600w, https:\/\/ventibeach.firmaproductie.nl\/wp-content\/uploads\/2026\/02\/Venti-Beach-menu-tafel-gereserveerd-225x300.webp 225w\" sizes=\"(max-width: 600px) 100vw, 600px\" \/>\t\t\t\t\t\t\t\t\t\t\t\t\t\t\t<\/div>\n\t\t\t\t<\/div>\n\t\t\t\t\t<\/div>\n\t\t\t\t<\/div>\n\t\t<div class=\"elementor-element elementor-element-5581784 e-flex e-con-boxed e-con e-parent\" data-id=\"5581784\" data-element_type=\"container\" data-e-type=\"container\" data-settings=\"{&quot;background_background&quot;:&quot;classic&quot;}\">\n\t\t\t\t\t<div class=\"e-con-inner\">\n\t\t\t\t<div class=\"elementor-element elementor-element-4735fa0 elementor-widget elementor-widget-text-editor\" data-id=\"4735fa0\" data-element_type=\"widget\" data-e-type=\"widget\" data-widget_type=\"text-editor.default\">\n\t\t\t\t\t\t\t\t\t<p>Die Speisekarten sind in K\u00fcrze auf dieser Seite zu finden.<\/p>\t\t\t\t\t\t\t\t<\/div>\n\t\t\t\t\t<\/div>\n\t\t\t\t<\/div>\n\t\t<div class=\"elementor-element elementor-element-3c52074f e-flex e-con-boxed e-con e-parent\" data-id=\"3c52074f\" data-element_type=\"container\" data-e-type=\"container\" data-settings=\"{&quot;background_background&quot;:&quot;classic&quot;}\">\n\t\t\t\t\t<div class=\"e-con-inner\">\n\t\t<div class=\"elementor-element elementor-element-768a7593 e-con-full e-flex e-con e-child\" data-id=\"768a7593\" data-element_type=\"container\" data-e-type=\"container\" data-settings=\"{&quot;background_background&quot;:&quot;classic&quot;}\">\n\t\t\t\t<div class=\"elementor-element elementor-element-31711444 elementor-widget elementor-widget-heading\" data-id=\"31711444\" data-element_type=\"widget\" data-e-type=\"widget\" data-widget_type=\"heading.default\">\n\t\t\t\t\t<h2 class=\"elementor-heading-title elementor-size-default\">Private Dining<\/h2>\t\t\t\t<\/div>\n\t\t\t\t<div class=\"elementor-element elementor-element-264ee05 elementor-absolute elementor-hidden-mobile elementor-widget elementor-widget-html\" data-id=\"264ee05\" data-element_type=\"widget\" data-e-type=\"widget\" data-settings=\"{&quot;_position&quot;:&quot;absolute&quot;}\" data-widget_type=\"html.default\">\n\t\t\t\t\t<div class=\"oranje-underline\"><\/div>\t\t\t\t<\/div>\n\t\t\t\t<div class=\"elementor-element elementor-element-1629c6a2 elementor-widget elementor-widget-text-editor\" data-id=\"1629c6a2\" data-element_type=\"widget\" data-e-type=\"widget\" data-widget_type=\"text-editor.default\">\n\t\t\t\t\t\t\t\t\t<p>Bei Venti Beach kannst du dich auch f\u00fcr ein intimes Dinner in unserem Strandzimmer en suite entscheiden.<br>Dieser stimmungsvolle Raum mit privater Terrasse und Meerblick ist perfekt f\u00fcr kleine Gruppen, die Private Dining in Zandvoort suchen. Unser K\u00fcchenchef stellt gerne ein Men\u00fc zusammen, das deinen Vorlieben und Ern\u00e4hrungsw\u00fcnschen entspricht.<\/p>\t\t\t\t\t\t\t\t<\/div>\n\t\t\t\t<div class=\"elementor-element elementor-element-1d902b99 elementor-align-left elementor-widget elementor-widget-button\" data-id=\"1d902b99\" data-element_type=\"widget\" data-e-type=\"widget\" data-widget_type=\"button.default\">\n\t\t\t\t\t\t\t\t\t\t<a class=\"elementor-button elementor-button-link elementor-size-sm\" href=\"https:\/\/ventibeach.firmaproductie.nl\/contact\/\">\n\t\t\t\t\t\t<span class=\"elementor-button-content-wrapper\">\n\t\t\t\t\t\t\t\t\t<span class=\"elementor-button-text\">Kontakt<\/span>\n\t\t\t\t\t<\/span>\n\t\t\t\t\t<\/a>\n\t\t\t\t\t\t\t\t<\/div>\n\t\t\t\t<\/div>\n\t\t<div class=\"elementor-element elementor-element-350dcab1 e-con-full e-flex e-con e-child\" data-id=\"350dcab1\" data-element_type=\"container\" data-e-type=\"container\">\n\t\t\t\t<div class=\"elementor-element elementor-element-cc8514a elementor-widget elementor-widget-image\" data-id=\"cc8514a\" data-element_type=\"widget\" data-e-type=\"widget\" data-widget_type=\"image.default\">\n\t\t\t\t\t\t\t\t\t\t\t\t\t\t\t<img decoding=\"async\" width=\"800\" height=\"600\" src=\"https:\/\/ventibeach.firmaproductie.nl\/wp-content\/uploads\/2026\/01\/Venti-Beach-dining-evenement-1.webp\" class=\"attachment-large size-large wp-image-2297\" alt=\"\" srcset=\"https:\/\/ventibeach.firmaproductie.nl\/wp-content\/uploads\/2026\/01\/Venti-Beach-dining-evenement-1.webp 800w, https:\/\/ventibeach.firmaproductie.nl\/wp-content\/uploads\/2026\/01\/Venti-Beach-dining-evenement-1-300x225.webp 300w, https:\/\/ventibeach.firmaproductie.nl\/wp-content\/uploads\/2026\/01\/Venti-Beach-dining-evenement-1-768x576.webp 768w\" sizes=\"(max-width: 800px) 100vw, 800px\" \/>\t\t\t\t\t\t\t\t\t\t\t\t\t\t\t<\/div>\n\t\t\t\t<\/div>\n\t\t\t\t\t<\/div>\n\t\t\t\t<\/div>\n\t\t\t\t<\/div>\n\t\t","protected":false},"excerpt":{"rendered":"<p>Brunch DRINKs All Day Menu Cocktails Dinner WEIN Unsere Speisekarte ist von mediterranen Aromen, edlen Weinen und wechselnden Specials inspiriert. Shared Dining steht bei Venti im Mittelpunkt. Gemeinsam essen, sich Zeit nehmen und den Moment genie\u00dfen. Unsere Speisekarte bietet vegetarische, vegane und glutenfreie Optionen. Wir beraten dich gerne und passen Gerichte nach M\u00f6glichkeit an deine [&hellip;]<\/p>\n","protected":false},"author":1,"featured_media":0,"parent":0,"menu_order":0,"comment_status":"closed","ping_status":"closed","template":"","meta":{"footnotes":""},"class_list":["post-2294","page","type-page","status-publish","hentry"],"yoast_head":"<!-- This site is optimized with the Yoast SEO plugin v27.3 - https:\/\/yoast.com\/product\/yoast-seo-wordpress\/ -->\n<title>Men\u00fc Venti Beach Club Zandvoort | Restaurant am Meer<\/title>\n<meta name=\"description\" content=\"Entdecke die Speisekarte des Venti Beach Clubs in Zandvoort. Genie\u00dfe mediterranes Shared Dining, Brunch, Dinner, Cocktails und Optionen f\u00fcr jede Ern\u00e4hrungsweise.\" \/>\n<meta name=\"robots\" content=\"noindex, follow, max-snippet:-1, max-image-preview:large, max-video-preview:-1\" \/>\n<meta property=\"og:locale\" content=\"de_DE\" \/>\n<meta property=\"og:type\" content=\"article\" \/>\n<meta property=\"og:title\" content=\"Men\u00fc Venti Beach Club Zandvoort | Restaurant am Meer\" \/>\n<meta property=\"og:description\" content=\"Entdecke die Speisekarte des Venti Beach Clubs in Zandvoort. Genie\u00dfe mediterranes Shared Dining, Brunch, Dinner, Cocktails und Optionen f\u00fcr jede Ern\u00e4hrungsweise.\" \/>\n<meta property=\"og:url\" content=\"https:\/\/ventibeach.firmaproductie.nl\/de\/menue\/\" \/>\n<meta property=\"og:site_name\" content=\"Venti Beach Zandvoort\" \/>\n<meta property=\"article:publisher\" content=\"https:\/\/www.facebook.com\/profile.php?id=61562720565207&amp;locale=nl_NL\" \/>\n<meta property=\"article:modified_time\" content=\"2026-02-23T15:55:40+00:00\" \/>\n<meta property=\"og:image\" content=\"https:\/\/ventibeach.firmaproductie.nl\/wp-content\/uploads\/2026\/02\/Venti-Beach-menu-cocktail.webp\" \/>\n\t<meta property=\"og:image:width\" content=\"600\" \/>\n\t<meta property=\"og:image:height\" content=\"800\" \/>\n\t<meta property=\"og:image:type\" content=\"image\/webp\" \/>\n<meta name=\"twitter:card\" content=\"summary_large_image\" \/>\n<meta name=\"twitter:label1\" content=\"Gesch\u00e4tzte Lesezeit\" \/>\n\t<meta name=\"twitter:data1\" content=\"1\u00a0Minute\" \/>\n<script type=\"application\/ld+json\" class=\"yoast-schema-graph\">{\"@context\":\"https:\\\/\\\/schema.org\",\"@graph\":[{\"@type\":\"WebPage\",\"@id\":\"https:\\\/\\\/ventibeach.firmaproductie.nl\\\/de\\\/menue\\\/\",\"url\":\"https:\\\/\\\/ventibeach.firmaproductie.nl\\\/de\\\/menue\\\/\",\"name\":\"Men\u00fc Venti Beach Club Zandvoort | Restaurant am Meer\",\"isPartOf\":{\"@id\":\"https:\\\/\\\/ventibeach.firmaproductie.nl\\\/de\\\/#website\"},\"primaryImageOfPage\":{\"@id\":\"https:\\\/\\\/ventibeach.firmaproductie.nl\\\/de\\\/menue\\\/#primaryimage\"},\"image\":{\"@id\":\"https:\\\/\\\/ventibeach.firmaproductie.nl\\\/de\\\/menue\\\/#primaryimage\"},\"thumbnailUrl\":\"https:\\\/\\\/ventibeach.firmaproductie.nl\\\/wp-content\\\/uploads\\\/2026\\\/02\\\/Venti-Beach-menu-cocktail.webp\",\"datePublished\":\"2026-02-04T19:40:19+00:00\",\"dateModified\":\"2026-02-23T15:55:40+00:00\",\"description\":\"Entdecke die Speisekarte des Venti Beach Clubs in Zandvoort. Genie\u00dfe mediterranes Shared Dining, Brunch, Dinner, Cocktails und Optionen f\u00fcr jede Ern\u00e4hrungsweise.\",\"breadcrumb\":{\"@id\":\"https:\\\/\\\/ventibeach.firmaproductie.nl\\\/de\\\/menue\\\/#breadcrumb\"},\"inLanguage\":\"de\",\"potentialAction\":[{\"@type\":\"ReadAction\",\"target\":[\"https:\\\/\\\/ventibeach.firmaproductie.nl\\\/de\\\/menue\\\/\"]}]},{\"@type\":\"ImageObject\",\"inLanguage\":\"de\",\"@id\":\"https:\\\/\\\/ventibeach.firmaproductie.nl\\\/de\\\/menue\\\/#primaryimage\",\"url\":\"https:\\\/\\\/ventibeach.firmaproductie.nl\\\/wp-content\\\/uploads\\\/2026\\\/02\\\/Venti-Beach-menu-cocktail.webp\",\"contentUrl\":\"https:\\\/\\\/ventibeach.firmaproductie.nl\\\/wp-content\\\/uploads\\\/2026\\\/02\\\/Venti-Beach-menu-cocktail.webp\"},{\"@type\":\"BreadcrumbList\",\"@id\":\"https:\\\/\\\/ventibeach.firmaproductie.nl\\\/de\\\/menue\\\/#breadcrumb\",\"itemListElement\":[{\"@type\":\"ListItem\",\"position\":1,\"name\":\"Home\",\"item\":\"https:\\\/\\\/ventibeach.firmaproductie.nl\\\/de\\\/venti-beach-zandvoort-beach-club-strandhaeuser-am-meer\\\/\"},{\"@type\":\"ListItem\",\"position\":2,\"name\":\"Men\u00fc\"}]},{\"@type\":\"WebSite\",\"@id\":\"https:\\\/\\\/ventibeach.firmaproductie.nl\\\/de\\\/#website\",\"url\":\"https:\\\/\\\/ventibeach.firmaproductie.nl\\\/de\\\/\",\"name\":\"Venti Beach Zandvoort\",\"description\":\"\",\"publisher\":{\"@id\":\"https:\\\/\\\/ventibeach.firmaproductie.nl\\\/de\\\/#organization\"},\"potentialAction\":[{\"@type\":\"SearchAction\",\"target\":{\"@type\":\"EntryPoint\",\"urlTemplate\":\"https:\\\/\\\/ventibeach.firmaproductie.nl\\\/de\\\/?s={search_term_string}\"},\"query-input\":{\"@type\":\"PropertyValueSpecification\",\"valueRequired\":true,\"valueName\":\"search_term_string\"}}],\"inLanguage\":\"de\"},{\"@type\":\"Organization\",\"@id\":\"https:\\\/\\\/ventibeach.firmaproductie.nl\\\/de\\\/#organization\",\"name\":\"Venti Beach Zandvoort\",\"url\":\"https:\\\/\\\/ventibeach.firmaproductie.nl\\\/de\\\/\",\"logo\":{\"@type\":\"ImageObject\",\"inLanguage\":\"de\",\"@id\":\"https:\\\/\\\/ventibeach.firmaproductie.nl\\\/de\\\/#\\\/schema\\\/logo\\\/image\\\/\",\"url\":\"https:\\\/\\\/ventibeach.firmaproductie.nl\\\/wp-content\\\/uploads\\\/2026\\\/01\\\/logo-venti.svg\",\"contentUrl\":\"https:\\\/\\\/ventibeach.firmaproductie.nl\\\/wp-content\\\/uploads\\\/2026\\\/01\\\/logo-venti.svg\",\"width\":493,\"height\":113,\"caption\":\"Venti Beach Zandvoort\"},\"image\":{\"@id\":\"https:\\\/\\\/ventibeach.firmaproductie.nl\\\/de\\\/#\\\/schema\\\/logo\\\/image\\\/\"},\"sameAs\":[\"https:\\\/\\\/www.facebook.com\\\/profile.php?id=61562720565207&locale=nl_NL\",\"https:\\\/\\\/www.instagram.com\\\/ventibeach\\\/\",\"https:\\\/\\\/www.tiktok.com\\\/@ventibeach\",\"https:\\\/\\\/www.linkedin.com\\\/company\\\/venti-beach-huisjes\\\/\"]}]}<\/script>\n<!-- \/ Yoast SEO plugin. -->","yoast_head_json":{"title":"Men\u00fc Venti Beach Club Zandvoort | Restaurant am Meer","description":"Entdecke die Speisekarte des Venti Beach Clubs in Zandvoort. Genie\u00dfe mediterranes Shared Dining, Brunch, Dinner, Cocktails und Optionen f\u00fcr jede Ern\u00e4hrungsweise.","robots":{"index":"noindex","follow":"follow","max-snippet":"max-snippet:-1","max-image-preview":"max-image-preview:large","max-video-preview":"max-video-preview:-1"},"og_locale":"de_DE","og_type":"article","og_title":"Men\u00fc Venti Beach Club Zandvoort | Restaurant am Meer","og_description":"Entdecke die Speisekarte des Venti Beach Clubs in Zandvoort. Genie\u00dfe mediterranes Shared Dining, Brunch, Dinner, Cocktails und Optionen f\u00fcr jede Ern\u00e4hrungsweise.","og_url":"https:\/\/ventibeach.firmaproductie.nl\/de\/menue\/","og_site_name":"Venti Beach Zandvoort","article_publisher":"https:\/\/www.facebook.com\/profile.php?id=61562720565207&locale=nl_NL","article_modified_time":"2026-02-23T15:55:40+00:00","og_image":[{"width":600,"height":800,"url":"https:\/\/ventibeach.firmaproductie.nl\/wp-content\/uploads\/2026\/02\/Venti-Beach-menu-cocktail.webp","type":"image\/webp"}],"twitter_card":"summary_large_image","twitter_misc":{"Gesch\u00e4tzte Lesezeit":"1\u00a0Minute"},"schema":{"@context":"https:\/\/schema.org","@graph":[{"@type":"WebPage","@id":"https:\/\/ventibeach.firmaproductie.nl\/de\/menue\/","url":"https:\/\/ventibeach.firmaproductie.nl\/de\/menue\/","name":"Men\u00fc Venti Beach Club Zandvoort | Restaurant am Meer","isPartOf":{"@id":"https:\/\/ventibeach.firmaproductie.nl\/de\/#website"},"primaryImageOfPage":{"@id":"https:\/\/ventibeach.firmaproductie.nl\/de\/menue\/#primaryimage"},"image":{"@id":"https:\/\/ventibeach.firmaproductie.nl\/de\/menue\/#primaryimage"},"thumbnailUrl":"https:\/\/ventibeach.firmaproductie.nl\/wp-content\/uploads\/2026\/02\/Venti-Beach-menu-cocktail.webp","datePublished":"2026-02-04T19:40:19+00:00","dateModified":"2026-02-23T15:55:40+00:00","description":"Entdecke die Speisekarte des Venti Beach Clubs in Zandvoort. Genie\u00dfe mediterranes Shared Dining, Brunch, Dinner, Cocktails und Optionen f\u00fcr jede Ern\u00e4hrungsweise.","breadcrumb":{"@id":"https:\/\/ventibeach.firmaproductie.nl\/de\/menue\/#breadcrumb"},"inLanguage":"de","potentialAction":[{"@type":"ReadAction","target":["https:\/\/ventibeach.firmaproductie.nl\/de\/menue\/"]}]},{"@type":"ImageObject","inLanguage":"de","@id":"https:\/\/ventibeach.firmaproductie.nl\/de\/menue\/#primaryimage","url":"https:\/\/ventibeach.firmaproductie.nl\/wp-content\/uploads\/2026\/02\/Venti-Beach-menu-cocktail.webp","contentUrl":"https:\/\/ventibeach.firmaproductie.nl\/wp-content\/uploads\/2026\/02\/Venti-Beach-menu-cocktail.webp"},{"@type":"BreadcrumbList","@id":"https:\/\/ventibeach.firmaproductie.nl\/de\/menue\/#breadcrumb","itemListElement":[{"@type":"ListItem","position":1,"name":"Home","item":"https:\/\/ventibeach.firmaproductie.nl\/de\/venti-beach-zandvoort-beach-club-strandhaeuser-am-meer\/"},{"@type":"ListItem","position":2,"name":"Men\u00fc"}]},{"@type":"WebSite","@id":"https:\/\/ventibeach.firmaproductie.nl\/de\/#website","url":"https:\/\/ventibeach.firmaproductie.nl\/de\/","name":"Venti Beach Zandvoort","description":"","publisher":{"@id":"https:\/\/ventibeach.firmaproductie.nl\/de\/#organization"},"potentialAction":[{"@type":"SearchAction","target":{"@type":"EntryPoint","urlTemplate":"https:\/\/ventibeach.firmaproductie.nl\/de\/?s={search_term_string}"},"query-input":{"@type":"PropertyValueSpecification","valueRequired":true,"valueName":"search_term_string"}}],"inLanguage":"de"},{"@type":"Organization","@id":"https:\/\/ventibeach.firmaproductie.nl\/de\/#organization","name":"Venti Beach Zandvoort","url":"https:\/\/ventibeach.firmaproductie.nl\/de\/","logo":{"@type":"ImageObject","inLanguage":"de","@id":"https:\/\/ventibeach.firmaproductie.nl\/de\/#\/schema\/logo\/image\/","url":"https:\/\/ventibeach.firmaproductie.nl\/wp-content\/uploads\/2026\/01\/logo-venti.svg","contentUrl":"https:\/\/ventibeach.firmaproductie.nl\/wp-content\/uploads\/2026\/01\/logo-venti.svg","width":493,"height":113,"caption":"Venti Beach Zandvoort"},"image":{"@id":"https:\/\/ventibeach.firmaproductie.nl\/de\/#\/schema\/logo\/image\/"},"sameAs":["https:\/\/www.facebook.com\/profile.php?id=61562720565207&locale=nl_NL","https:\/\/www.instagram.com\/ventibeach\/","https:\/\/www.tiktok.com\/@ventibeach","https:\/\/www.linkedin.com\/company\/venti-beach-huisjes\/"]}]}},"_links":{"self":[{"href":"https:\/\/ventibeach.firmaproductie.nl\/de\/wp-json\/wp\/v2\/pages\/2294","targetHints":{"allow":["GET"]}}],"collection":[{"href":"https:\/\/ventibeach.firmaproductie.nl\/de\/wp-json\/wp\/v2\/pages"}],"about":[{"href":"https:\/\/ventibeach.firmaproductie.nl\/de\/wp-json\/wp\/v2\/types\/page"}],"author":[{"embeddable":true,"href":"https:\/\/ventibeach.firmaproductie.nl\/de\/wp-json\/wp\/v2\/users\/1"}],"replies":[{"embeddable":true,"href":"https:\/\/ventibeach.firmaproductie.nl\/de\/wp-json\/wp\/v2\/comments?post=2294"}],"version-history":[{"count":0,"href":"https:\/\/ventibeach.firmaproductie.nl\/de\/wp-json\/wp\/v2\/pages\/2294\/revisions"}],"wp:attachment":[{"href":"https:\/\/ventibeach.firmaproductie.nl\/de\/wp-json\/wp\/v2\/media?parent=2294"}],"curies":[{"name":"wp","href":"https:\/\/api.w.org\/{rel}","templated":true}]}}